{"id":28417,"date":"2021-05-28T20:26:11","date_gmt":"2021-05-28T18:26:11","guid":{"rendered":"https:\/\/www.novaery.de\/product\/terra-top-weight\/"},"modified":"2022-11-01T00:18:16","modified_gmt":"2022-10-31T23:18:16","slug":"terra-top-weight","status":"publish","type":"product","link":"https:\/\/www.novaery.de\/en\/product\/terra-top-weight\/","title":{"rendered":"TERRA Top Weight"},"content":{"rendered":"<section class=\"wpb-content-wrapper\"><p>[vc_row][vc_column][vc_column_text]<strong><style data-type=\"vc_shortcodes-custom-css\">.vc_custom_1622235858885{margin-top: 30px !important;}<\/style><section class=\"wpb-content-wrapper\">[vc_row full_width=\"stretch_row_content\" mobile_bg_img_hidden=\"no\" tablet_bg_img_hidden=\"no\" woodmart_parallax=\"0\" woodmart_gradient_switch=\"no\" row_reverse_mobile=\"0\" row_reverse_tablet=\"0\" woodmart_disable_overflow=\"0\"][vc_column width=\"1\/6\" offset=\"vc_hidden-sm vc_hidden-xs\" mobile_bg_img_hidden=\"no\" tablet_bg_img_hidden=\"no\" woodmart_parallax=\"0\" woodmart_sticky_column=\"false\" parallax_scroll=\"no\" mobile_reset_margin=\"no\" tablet_reset_margin=\"no\"][vc_single_image image=\"23874\" img_size=\"110x700\" alignment=\"center\" woodmart_inline=\"no\" parallax_scroll=\"no\"][\/vc_column][vc_column width=\"1\/6\"][vc_column_text woodmart_inline=\"no\" text_larger=\"no\"]The TERRA stabilizer is equipped with a completely newly developed weight system for maximum modularity and stability.\n\nThe archery standard 1\/4 UNC is used as the basic thread for the weight system. A 5\/16 UNF thread can also be manufactured optionally. This makes the stabilizer compatible with all weight and damper systems.\n\nThe weights are pushed onto the appropriate thread spacer and thus centered. A knurled top weight with thread fixes the system. Thanks to the knurling of the top weight, the system can also be tightened or loosened without additional tools. Each top weight is equipped with a rubber shim, which prevents loosening due to vibration. In addition, the set screw is fixed in the stabilizer bushing with a small clamping screw.\n\nIf there is not enough space to add more weights, it is not necessary to buy a new set screw. The 16mm and 24mm threaded spacer can be used to extend the set screws.[\/vc_column_text][\/vc_column][vc_column width=\"1\/6\"]\t\t<div class=\"wd-spots wd-event-hover hotspot-icon-default color-scheme-dark wd-hotspot-static \">\n\t\t\t<div class=\"wd-image-hotspot-hotspots\">\n\t\t\t\t<img loading=\"lazy\" decoding=\"async\" width=\"625\" height=\"1667\" src=\"https:\/\/www.novaery.de\/wp-content\/uploads\/2021\/06\/TERRA-Explosion300x800px.png\" class=\"wd-image-hotspot-img\" alt=\"\" srcset=\"https:\/\/www.novaery.de\/wp-content\/uploads\/2021\/06\/TERRA-Explosion300x800px.png 625w, https:\/\/www.novaery.de\/wp-content\/uploads\/2021\/06\/TERRA-Explosion300x800px-112x300.png 112w, https:\/\/www.novaery.de\/wp-content\/uploads\/2021\/06\/TERRA-Explosion300x800px-384x1024.png 384w, https:\/\/www.novaery.de\/wp-content\/uploads\/2021\/06\/TERRA-Explosion300x800px-576x1536.png 576w, https:\/\/www.novaery.de\/wp-content\/uploads\/2021\/06\/TERRA-Explosion300x800px-600x1600.png 600w, https:\/\/www.novaery.de\/wp-content\/uploads\/2021\/06\/TERRA-Explosion300x800px-150x400.png 150w\" sizes=\"auto, (max-width: 625px) 100vw, 625px\" \/><div class=\"wd-image-hotspot hotspot-type-text\" style=\"left: 61.702%; top: 11.789%;\"><span class=\"hotspot-sonar\"><\/span><div class=\"hotspot-btn wd-role-btn wd-fill\" tabindex=\"0\"><\/div><div class=\"hotspot-text hotspot-content hotspot-dropdown-left\"><h4 class=\"wd-entities-title\">TERRA Top Weight<\/h4><a class=\"btn btn-accent\" href=\"https:\/\/www.novaery.de\/product\/terra-endewicht\/\" title=\"TERRA Standard-Gewicht\">zum Produkt<\/a><\/div><\/div><div class=\"wd-image-hotspot hotspot-type-text\" style=\"left: 41.641%; top: 40.156%;\"><span class=\"hotspot-sonar\"><\/span><div class=\"hotspot-btn wd-role-btn wd-fill\" tabindex=\"0\"><\/div><div class=\"hotspot-text hotspot-content hotspot-dropdown-left\"><h4 class=\"wd-entities-title\">Set Screw 1\/4 UNC<\/h4><a class=\"btn btn-accent\" href=\"https:\/\/www.novaery.de\/product\/terra-1-4-unc-gewindestift\/\" title=\"TERRA Standard-Gewicht\">zum Produkt<\/a><\/div><\/div><div class=\"wd-image-hotspot hotspot-type-text\" style=\"left: 64.438%; top: 83.124%;\"><span class=\"hotspot-sonar\"><\/span><div class=\"hotspot-btn wd-role-btn wd-fill\" tabindex=\"0\"><\/div><div class=\"hotspot-text hotspot-content hotspot-dropdown-left\"><h4 class=\"wd-entities-title\">TERRA Standard Weight<\/h4><a class=\"btn btn-accent\" href=\"https:\/\/www.novaery.de\/product\/terra-gewicht\/\" title=\"TERRA Standard-Gewicht\">zum Produkt<\/a><\/div><\/div><div class=\"wd-image-hotspot hotspot-type-text\" style=\"left: 39.362%; top: 66.128%;\"><span class=\"hotspot-sonar\"><\/span><div class=\"hotspot-btn wd-role-btn wd-fill\" tabindex=\"0\"><\/div><div class=\"hotspot-text hotspot-content hotspot-dropdown-left\"><h4 class=\"wd-entities-title\">TERRA Thread Spacer<\/h4><a class=\"btn btn-accent\" href=\"https:\/\/www.novaery.de\/product\/terra-gewicht\/\" title=\"TERRA Standard-Gewicht\">zum Produkt<\/a><\/div><\/div>\t\t\t<\/div>\n\t\t<\/div>\n\t\t[\/vc_column][vc_column width=\"1\/3\"][vc_column_text woodmart_inline=\"no\" text_larger=\"no\"]\r\n<h3><a href=\"https:\/\/www.novaery.de\/en\/produkt\/terra-top-weight\/\">Top Weights<\/a><\/h3>\n<ul>\n \t<li>Mass: 16.1g \/ 0.57oz<\/li>\n \t<li>Outer diameter: 24mm<\/li>\n \t<li>Thickness: 5mm<\/li>\n \t<li>Material: rostfreier Edelstahl<\/li>\n \t<li>Thread: 1\/4 UNC<\/li>\n<\/ul>\r\n[\/vc_column_text][vc_column_text woodmart_inline=\"no\" text_larger=\"no\"]\r\n<h3><a href=\"https:\/\/www.novaery.de\/en\/produkt\/terra-1-4-unc-set-screw\/\">Set Screw<\/a><\/h3>\n<ul>\n \t<li>Length: 25.4mm \/ 1\u2033, 50.8mm \/ 2\u2033<\/li>\n \t<li>Mass: 4.6g \/ 0.16oz , 9.3g \/ 0.32oz<\/li>\n \t<li>Material: rostfreier Edelstahl<\/li>\n \t<li>Gewinde: 1\/4 UNC<\/li>\n<\/ul>\r\n[\/vc_column_text][vc_column_text woodmart_inline=\"no\" text_larger=\"no\"]\r\n<h3>Top Weight<\/h3>\n<ul>\n \t<li>Thread spacer 8mm \u2013 1 Weight - 1g<\/li>\n \t<li>Thread Spacer 16mm \u2013 2 Weights - 1.5g<\/li>\n \t<li>Thread Spacer 24mm \u2013 3 Weights - 2g<\/li>\n<\/ul>\r\n[\/vc_column_text][vc_column_text woodmart_inline=\"no\" text_larger=\"no\"]\r\n<h3><a href=\"https:\/\/www.novaery.de\/en\/produkt\/terra-gewicht-2\/\">weights<\/a><\/h3>\n<ul>\n \t<li>Mass: 27.3g \/ 0.96oz<\/li>\n \t<li>Outer diameter: 25mm<\/li>\n \t<li>Thickness: 8mm<\/li>\n \t<li>Material: stainless steel<\/li>\n \t<li>without thread spacer suitable for 5\/16\" UNF<\/li>\n<\/ul>\r\n[\/vc_column_text][\/vc_column][vc_column width=\"1\/6\"][vc_single_image image=\"23873\" img_size=\"188x750\" alignment=\"center\" woodmart_inline=\"no\" parallax_scroll=\"no\"][\/vc_column][\/vc_row][vc_row full_width=\"stretch_row_content_no_spaces\" mobile_bg_img_hidden=\"no\" tablet_bg_img_hidden=\"no\" woodmart_parallax=\"0\" woodmart_gradient_switch=\"no\" row_reverse_mobile=\"0\" row_reverse_tablet=\"0\" woodmart_disable_overflow=\"0\" css=\".vc_custom_1622235858885{margin-top: 30px !important;}\"][vc_column width=\"1\/4\"][vc_single_image image=\"23870\" img_size=\"large\" woodmart_inline=\"no\" parallax_scroll=\"no\"][\/vc_column][vc_column width=\"1\/2\" offset=\"vc_hidden-sm vc_hidden-xs\" mobile_bg_img_hidden=\"no\" tablet_bg_img_hidden=\"no\" woodmart_parallax=\"0\" woodmart_sticky_column=\"false\" parallax_scroll=\"no\" mobile_reset_margin=\"no\" tablet_reset_margin=\"no\"][vc_column_text woodmart_inline=\"no\" text_larger=\"no\"]\r\n<h1>Examples of weight configurations<\/h1>\r\n[\/vc_column_text][vc_row_inner][vc_column_inner width=\"2\/3\"][vc_column_text woodmart_inline=\"no\" text_larger=\"no\"]\r\n<h4><\/h4>\n<h3 style=\"text-align: right;\">With damper<\/h3>\r\n[\/vc_column_text][\/vc_column_inner][vc_column_inner width=\"1\/3\"][vc_icon icon_fontawesome=\"fas fa-angle-double-right\" color=\"black\"][\/vc_column_inner][\/vc_row_inner][vc_row_inner][vc_column_inner width=\"1\/6\"][vc_icon icon_fontawesome=\"fas fa-angle-double-left\" color=\"black\" align=\"right\"][\/vc_column_inner][vc_column_inner width=\"5\/6\"][vc_column_text woodmart_inline=\"no\" text_larger=\"no\"]\r\n<h4><\/h4>\n<h3 style=\"text-align: left;\">Without damper<\/h3>\r\n[\/vc_column_text][\/vc_column_inner][\/vc_row_inner][\/vc_column][vc_column width=\"1\/4\"][vc_single_image image=\"23871\" img_size=\"large\" woodmart_inline=\"no\" parallax_scroll=\"no\"][\/vc_column][\/vc_row][vc_row full_width=\"stretch_row_content\" disable_element=\"yes\" mobile_bg_img_hidden=\"no\" tablet_bg_img_hidden=\"no\" woodmart_parallax=\"0\" woodmart_gradient_switch=\"no\" row_reverse_mobile=\"0\" row_reverse_tablet=\"0\" woodmart_disable_overflow=\"0\"][vc_column width=\"1\/6\"][vc_single_image image=\"23874\" img_size=\"110x700\" alignment=\"center\" woodmart_inline=\"no\" parallax_scroll=\"no\"][\/vc_column][vc_column width=\"1\/6\"][vc_column_text woodmart_inline=\"no\" text_larger=\"no\"]The TERRA stabilizer is equipped with a completely newly developed weight system for maximum modularity and stability.\n\nAls Basisgewinde f\u00fcr das Gewichtssystem wird der Bogensportstandard 1\/4 UNC verwendet. A 5\/16 UNF thread can also be manufactured optionally. This makes the stabilizer compatible with all weight and damper systems.\n\nDie Gewichte werden auf die passende Gewindeh\u00fclse geschoben und damit zentriert. Ein ger\u00e4ndeltes Endgewicht mit Gewinde fixiert das System. Durch die R\u00e4ndelung des Abschlussgewichtes kann das System auch ohne zus\u00e4tzliches Werkzeug oder Hilfsmittel angezogen oder gel\u00f6st werden. Jedes Endgewicht ist mit einer Gummilamelle ausgestattet, was das L\u00f6sen durch Vibrationen verhindert. In addition, the set screw is fixed in the stabilizer bushing with a small clamping screw.\n\nIf there is not enough space to add more weights, it is not necessary to buy a new set screw. The 16mm and 24mm threaded spacer can be used to extend the set screws.[\/vc_column_text][\/vc_column][vc_column width=\"1\/6\"][vc_single_image image=\"23872\" img_size=\"150x750\" alignment=\"center\" woodmart_inline=\"no\" parallax_scroll=\"no\"][\/vc_column][vc_column width=\"1\/3\"][vc_column_text woodmart_inline=\"no\" text_larger=\"no\"]\r\n<h3><a href=\"https:\/\/www.novaery.de\/en\/produkt\/terra-top-weight\/\">Top Weights<\/a><\/h3>\n<ul>\n \t<li>Mass: 16.1g \/ 0.57oz<\/li>\n \t<li>Outer diameter: 24mm<\/li>\n \t<li>Thickness: 5mm<\/li>\n \t<li>Material: rostfreier Edelstahl<\/li>\n \t<li>Thread: 1\/4 UNC<\/li>\n<\/ul>\r\n[\/vc_column_text][vc_column_text woodmart_inline=\"no\" text_larger=\"no\"]\r\n<h3><a href=\"https:\/\/www.novaery.de\/en\/produkt\/terra-1-4-unc-set-screw\/\">Set Screw<\/a><\/h3>\n<ul>\n \t<li>Length: 25.4mm \/ 1\u2033, 50.8mm \/ 2\u2033<\/li>\n \t<li>Mass: 4.6g \/ 0.16oz , 9.3g \/ 0.32oz<\/li>\n \t<li>Material: rostfreier Edelstahl<\/li>\n \t<li>Gewinde: 1\/4 UNC<\/li>\n<\/ul>\r\n[\/vc_column_text][vc_column_text woodmart_inline=\"no\" text_larger=\"no\"]\r\n<h3>Gewindeh\u00fclsen<\/h3>\n<ul>\n \t<li>Thread spacer 8mm \u2013 1 Weight - 1g<\/li>\n \t<li>Thread Spacer 16mm \u2013 2 Weights - 1.5g<\/li>\n \t<li>Thread Spacer 24mm \u2013 3 Weights - 2g<\/li>\n<\/ul>\r\n[\/vc_column_text][vc_column_text woodmart_inline=\"no\" text_larger=\"no\"]\r\n<h3><a href=\"https:\/\/www.novaery.de\/en\/produkt\/terra-gewicht-2\/\">weights<\/a><\/h3>\n<ul>\n \t<li>Gewicht: 27,3 g \/ 0,96 oz<\/li>\n \t<li>Au\u00dfendurchmesser: 24 mm<\/li>\n \t<li>Dicke: 8mm<\/li>\n \t<li>Material: rostfreier Edelstahl<\/li>\n \t<li>ohne Gewindeh\u00fclse passen f\u00fcr 5\/16\" UNF<\/li>\n<\/ul>\r\n[\/vc_column_text][\/vc_column][vc_column width=\"1\/6\"][vc_single_image image=\"23873\" img_size=\"188x750\" alignment=\"center\" woodmart_inline=\"no\" parallax_scroll=\"no\"][\/vc_column][\/vc_row]<\/section><\/strong><\/p>\n<p>[\/vc_column_text][\/vc_column][\/vc_row]<\/p>\n<\/section>","protected":false},"excerpt":{"rendered":"<ul>\n<li>Mass: 16.1g \/ 0.57oz<\/li>\n<li>Outer diameter: 24mm<\/li>\n<li>Thickness: 5mm<\/li>\n<li>Material: stainless steel<\/li>\n<li>Thread: 1\/4 UNC<\/li>\n<\/ul>\n<p>Scope of delivery: final weight, rubber shim<\/p>\n","protected":false},"featured_media":23881,"comment_status":"closed","ping_status":"closed","template":"","meta":[],"product_brand":[],"product_cat":[241,248,259,504,619],"product_tag":[],"class_list":{"0":"post-28417","1":"product","2":"type-product","3":"status-publish","4":"has-post-thumbnail","6":"product_cat-components","7":"product_cat-stabilizer","8":"product_cat-accessories-en","9":"product_cat-novaery-en","10":"product_cat-weights","12":"first","13":"instock","14":"taxable","15":"shipping-taxable","16":"purchasable","17":"product-type-variable"},"_links":{"self":[{"href":"https:\/\/www.novaery.de\/en\/wp-json\/wp\/v2\/product\/28417","targetHints":{"allow":["GET"]}}],"collection":[{"href":"https:\/\/www.novaery.de\/en\/wp-json\/wp\/v2\/product"}],"about":[{"href":"https:\/\/www.novaery.de\/en\/wp-json\/wp\/v2\/types\/product"}],"replies":[{"embeddable":true,"href":"https:\/\/www.novaery.de\/en\/wp-json\/wp\/v2\/comments?post=28417"}],"wp:featuredmedia":[{"embeddable":true,"href":"https:\/\/www.novaery.de\/en\/wp-json\/wp\/v2\/media\/23881"}],"wp:attachment":[{"href":"https:\/\/www.novaery.de\/en\/wp-json\/wp\/v2\/media?parent=28417"}],"wp:term":[{"taxonomy":"product_brand","embeddable":true,"href":"https:\/\/www.novaery.de\/en\/wp-json\/wp\/v2\/product_brand?post=28417"},{"taxonomy":"product_cat","embeddable":true,"href":"https:\/\/www.novaery.de\/en\/wp-json\/wp\/v2\/product_cat?post=28417"},{"taxonomy":"product_tag","embeddable":true,"href":"https:\/\/www.novaery.de\/en\/wp-json\/wp\/v2\/product_tag?post=28417"}],"curies":[{"name":"wp","href":"https:\/\/api.w.org\/{rel}","templated":true}]}}