{"id":24501,"date":"2022-02-02T09:18:25","date_gmt":"2022-02-02T08:18:25","guid":{"rendered":"https:\/\/www.novaery.de\/product\/beiter-v-box-baseplate\/"},"modified":"2022-07-30T21:33:51","modified_gmt":"2022-07-30T21:33:51","slug":"beiter-v-box-baseplate","status":"publish","type":"product","link":"https:\/\/www.novaery.de\/en\/product\/beiter-v-box-baseplate\/","title":{"rendered":"Beiter V-Box Baseplate"},"content":{"rendered":"<section class=\"wpb-content-wrapper\"><p>[vc_section][vc_row][vc_column width=&#8221;1\/4&#8243;][\/vc_column][vc_column width=&#8221;1\/2&#8243;][vc_column_text woodmart_inline=&#8221;no&#8221; text_larger=&#8221;no&#8221;]The baseplate for the <a href=\"https:\/\/www.novaery.de\/en\/produkt\/beiter-v-box-basic-kit\/\">Beiter V-Box<\/a> not only serves as a visually nicer transition between the stabilizer and V-Box\/weights, but also improves the force transmission into the V-Box.<\/p>\n<ul>\n<li>available in 3 different diameters: \u00d8 20 mm, \u00d8 23 mm, \u00d8 26 mm<\/li>\n<li>large diameter \u00d8 30 mm<\/li>\n<li>thickness 7 mm<\/li>\n<li>mass: ca. 5 g<\/li>\n<\/ul>\n<p>[\/vc_column_text][\/vc_column][vc_column width=&#8221;1\/4&#8243;][\/vc_column][\/vc_row][\/vc_section]<\/p>\n<\/section>","protected":false},"excerpt":{"rendered":"<p>[vc_section][vc_row][vc_column width=&#8221;1\/4&#8243;][\/vc_column][vc_column width=&#8221;1\/2&#8243;][vc_column_text woodmart_inline=&#8221;no&#8221; text_larger=&#8221;no&#8221;]The baseplate for the Beiter V-Box not only serves as a visually nicer transition between the<\/p>\n","protected":false},"featured_media":24381,"comment_status":"closed","ping_status":"closed","template":"","meta":[],"product_brand":[],"product_cat":[241,248,259,288,613,618],"product_tag":[632],"class_list":{"0":"post-24501","1":"product","2":"type-product","3":"status-publish","4":"has-post-thumbnail","6":"product_cat-components","7":"product_cat-stabilizer","8":"product_cat-accessories-en","9":"product_cat-beiter-en","10":"product_cat-v-box-en","11":"product_cat-damper","12":"product_tag-beiter-articles-for-stabilizers","14":"first","15":"instock","16":"taxable","17":"shipping-taxable","18":"purchasable","19":"product-type-variable"},"_links":{"self":[{"href":"https:\/\/www.novaery.de\/en\/wp-json\/wp\/v2\/product\/24501","targetHints":{"allow":["GET"]}}],"collection":[{"href":"https:\/\/www.novaery.de\/en\/wp-json\/wp\/v2\/product"}],"about":[{"href":"https:\/\/www.novaery.de\/en\/wp-json\/wp\/v2\/types\/product"}],"replies":[{"embeddable":true,"href":"https:\/\/www.novaery.de\/en\/wp-json\/wp\/v2\/comments?post=24501"}],"wp:featuredmedia":[{"embeddable":true,"href":"https:\/\/www.novaery.de\/en\/wp-json\/wp\/v2\/media\/24381"}],"wp:attachment":[{"href":"https:\/\/www.novaery.de\/en\/wp-json\/wp\/v2\/media?parent=24501"}],"wp:term":[{"taxonomy":"product_brand","embeddable":true,"href":"https:\/\/www.novaery.de\/en\/wp-json\/wp\/v2\/product_brand?post=24501"},{"taxonomy":"product_cat","embeddable":true,"href":"https:\/\/www.novaery.de\/en\/wp-json\/wp\/v2\/product_cat?post=24501"},{"taxonomy":"product_tag","embeddable":true,"href":"https:\/\/www.novaery.de\/en\/wp-json\/wp\/v2\/product_tag?post=24501"}],"curies":[{"name":"wp","href":"https:\/\/api.w.org\/{rel}","templated":true}]}}